{"id":15,"date":"2022-07-28T13:24:19","date_gmt":"2022-07-28T11:24:19","guid":{"rendered":"http:\/\/camper.waran.com\/?page_id=15"},"modified":"2022-08-01T11:12:16","modified_gmt":"2022-08-01T09:12:16","slug":"o-nas","status":"publish","type":"page","link":"https:\/\/camp.waran.com\/index.php\/o-nas\/","title":{"rendered":"O NAS"},"content":{"rendered":"\n<div class=\"wp-block-cover alignfull\" style=\"min-height:300px;aspect-ratio:unset;\"><span aria-hidden=\"true\" class=\"wp-block-cover__background has-nv-site-bg-background-color has-background-dim-100 has-background-dim\"><\/span><div class=\"wp-block-cover__inner-container is-layout-flow wp-block-cover-is-layout-flow\">\n<div class=\"wp-block-group\"><div class=\"wp-block-group__inner-container is-layout-flow wp-block-group-is-layout-flow\">\n<h1 class=\"has-text-align-left has-neve-text-color-color has-text-color wp-block-heading\">O nas<\/h1>\n<\/div><\/div>\n<\/div><\/div>\n\n\n\n<div class=\"wp-block-cover alignfull\" style=\"min-height:600px;aspect-ratio:unset;\"><span aria-hidden=\"true\" class=\"wp-block-cover__background has-nv-light-bg-background-color has-background-dim-100 has-background-dim\"><\/span><div class=\"wp-block-cover__inner-container is-layout-flow wp-block-cover-is-layout-flow\">\n<div class=\"wp-block-group\"><div class=\"wp-block-group__inner-container is-layout-flow wp-block-group-is-layout-flow\">\n<div style=\"height:80px\" aria-hidden=\"true\" class=\"wp-block-spacer\"><\/div>\n\n\n\n<div class=\"wp-block-columns are-vertically-aligned-center is-layout-flex wp-container-core-columns-is-layout-9d6595d7 wp-block-columns-is-layout-flex\">\n<div class=\"wp-block-column is-vertically-aligned-center is-layout-flow wp-block-column-is-layout-flow\" style=\"flex-basis:50%\">\n<figure class=\"wp-block-image size-large\"><img loading=\"lazy\" decoding=\"async\" width=\"1024\" height=\"684\" src=\"http:\/\/camper.waran.com\/wp-content\/uploads\/2022\/07\/AdobeStock_273425261-kopia-1-1024x684.jpg\" alt=\"\" class=\"wp-image-127\" srcset=\"https:\/\/camp.waran.com\/wp-content\/uploads\/2022\/07\/AdobeStock_273425261-kopia-1-1024x684.jpg 1024w, https:\/\/camp.waran.com\/wp-content\/uploads\/2022\/07\/AdobeStock_273425261-kopia-1-300x200.jpg 300w, https:\/\/camp.waran.com\/wp-content\/uploads\/2022\/07\/AdobeStock_273425261-kopia-1-768x513.jpg 768w, https:\/\/camp.waran.com\/wp-content\/uploads\/2022\/07\/AdobeStock_273425261-kopia-1-1536x1025.jpg 1536w, https:\/\/camp.waran.com\/wp-content\/uploads\/2022\/07\/AdobeStock_273425261-kopia-1-2048x1367.jpg 2048w, https:\/\/camp.waran.com\/wp-content\/uploads\/2022\/07\/AdobeStock_273425261-kopia-1-930x620.jpg 930w\" sizes=\"auto, (max-width: 1024px) 100vw, 1024px\" \/><\/figure>\n<\/div>\n\n\n\n<div class=\"wp-block-column is-vertically-aligned-center is-layout-flow wp-block-column-is-layout-flow\" style=\"flex-basis:50%\">\n<h2 class=\"has-neve-text-color-color has-text-color wp-block-heading\">Kim jeste\u015bmy<\/h2>\n\n\n\n<p class=\"has-neve-link-color-color has-text-color\">Caravaning to nasza pasja, dlatego tak bardzo zwracamy uwag\u0119 na to by sprosta\u0107 oczekiwaniom nawet najbardziej wymagaj\u0105cych os\u00f3b. Nasz kamper sprawdzi si\u0119 zar\u00f3wno podczas aktywnych wakacji, szybkiego objazdu po europejskich stolicach, jak i podczas spokojnego weekendu nad jeziorem.<\/p>\n\n\n\n<p class=\"has-neve-link-color-color has-text-color\">Z naszego kampera korzystaj\u0105 wszyscy \u2013 pary, paczki przyjaci\u00f3\u0142, rodziny z dzie\u0107mi i osoby podr\u00f3\u017cuj\u0105ce ze zwierz\u0119tami. <br><strong>Zapraszamy do skorzystania z naszej oferty.<\/strong><\/p>\n<\/div>\n<\/div>\n\n\n\n<div style=\"height:40px\" aria-hidden=\"true\" class=\"wp-block-spacer\"><\/div>\n<\/div><\/div>\n<\/div><\/div>\n\n\n\n<div class=\"wp-block-cover alignfull\" style=\"min-height:500px;aspect-ratio:unset;\"><span aria-hidden=\"true\" class=\"wp-block-cover__background has-nv-site-bg-background-color has-background-dim-100 has-background-dim\"><\/span><div class=\"wp-block-cover__inner-container is-layout-flow wp-block-cover-is-layout-flow\">\n<div class=\"wp-block-columns is-layout-flex wp-container-core-columns-is-layout-9d6595d7 wp-block-columns-is-layout-flex\">\n<div class=\"wp-block-column ticss-4ce656f1 is-layout-flow wp-block-column-is-layout-flow\">\n<figure class=\"wp-block-image is-resized icon-style is-style-rounded\"><img loading=\"lazy\" decoding=\"async\" src=\"http:\/\/camper.waran.com\/wp-content\/themes\/neve\/assets\/img\/starter-content\/icon-03.svg\" alt=\"\" width=\"48\" height=\"48\"\/><\/figure>\n\n\n\n<h3 class=\"has-text-align-left has-text-align-center has-neve-text-color-color has-text-color wp-block-heading\">Weekend z kamperem<\/h3>\n\n\n\n<p class=\"has-text-align-left has-neve-text-color-color has-text-color\" style=\"font-size:15px\">Wyjazd nad morze, g\u00f3rska wyprawa a mo\u017ce weekend tylko we dwoje nad jeziorem?<br>Z naszym kamperem jest to mo\u017cliwe!<\/p>\n\n\n\n<p class=\"has-text-align-left has-neve-text-color-color has-text-color\" style=\"font-size:15px\"> <\/p>\n\n\n\n<p><\/p>\n\n\n\n<p><\/p>\n<\/div>\n\n\n\n<div class=\"wp-block-column ticss-f6fc7494 is-layout-flow wp-block-column-is-layout-flow\">\n<figure class=\"wp-block-image is-resized icon-style is-style-rounded\"><img loading=\"lazy\" decoding=\"async\" src=\"http:\/\/camper.waran.com\/wp-content\/themes\/neve\/assets\/img\/starter-content\/icon-03.svg\" alt=\"\" width=\"48\" height=\"48\"\/><\/figure>\n\n\n\n<h3 class=\"has-text-align-left has-text-align-center has-neve-text-color-color has-text-color wp-block-heading\">Wakacyjny wypad<\/h3>\n\n\n\n<p class=\"has-text-align-left has-neve-text-color-color has-text-color\" style=\"font-size:15px\">Podr\u00f3\u017cuj\u0105c kamperem \u015bpicie gdzie chcecie<br>i kiedy chcecie. \u017badnych rezerwacji, \u017cadnego po\u015bpiechu, nie m\u00f3wi\u0105c ju\u017c o uci\u0105\u017cliwych s\u0105siadach za \u015bcian\u0105. Wiecie, jak to si\u0119 nazywa? Wolno\u015b\u0107!<\/p>\n\n\n\n<div style=\"height:20px\" aria-hidden=\"true\" class=\"wp-block-spacer\"><\/div>\n<\/div>\n\n\n\n<div class=\"wp-block-column ticss-a5b4df29 is-layout-flow wp-block-column-is-layout-flow\">\n<figure class=\"wp-block-image is-resized icon-style is-style-rounded\"><img loading=\"lazy\" decoding=\"async\" src=\"http:\/\/camper.waran.com\/wp-content\/themes\/neve\/assets\/img\/starter-content\/icon-03.svg\" alt=\"\" width=\"48\" height=\"48\"\/><\/figure>\n\n\n\n<h3 class=\"has-text-align-left has-text-align-center has-neve-text-color-color has-text-color wp-block-heading\">Podr\u00f3\u017c s\u0142u\u017cbowa<\/h3>\n\n\n\n<p class=\"has-text-align-left has-neve-text-color-color has-text-color\" style=\"font-size:15px\">Po\u0142\u0105cz przyjemne z po\u017cytecznym i pracuj zwiedzaj\u0105c najciekawsze miejsca.<\/p>\n\n\n\n<div style=\"height:20px\" aria-hidden=\"true\" class=\"wp-block-spacer\"><\/div>\n<\/div>\n<\/div>\n<\/div><\/div>\n","protected":false},"excerpt":{"rendered":"","protected":false},"author":1,"featured_media":0,"parent":0,"menu_order":0,"comment_status":"closed","ping_status":"closed","template":"","meta":{"neve_meta_sidebar":"","neve_meta_container":"","neve_meta_enable_content_width":"on","neve_meta_content_width":100,"neve_meta_title_alignment":"","neve_meta_author_avatar":"","neve_post_elements_order":"","neve_meta_disable_header":"","neve_meta_disable_footer":"","neve_meta_disable_title":"on","footnotes":""},"class_list":["post-15","page","type-page","status-publish","hentry"],"_links":{"self":[{"href":"https:\/\/camp.waran.com\/index.php\/wp-json\/wp\/v2\/pages\/15","targetHints":{"allow":["GET"]}}],"collection":[{"href":"https:\/\/camp.waran.com\/index.php\/wp-json\/wp\/v2\/pages"}],"about":[{"href":"https:\/\/camp.waran.com\/index.php\/wp-json\/wp\/v2\/types\/page"}],"author":[{"embeddable":true,"href":"https:\/\/camp.waran.com\/index.php\/wp-json\/wp\/v2\/users\/1"}],"replies":[{"embeddable":true,"href":"https:\/\/camp.waran.com\/index.php\/wp-json\/wp\/v2\/comments?post=15"}],"version-history":[{"count":10,"href":"https:\/\/camp.waran.com\/index.php\/wp-json\/wp\/v2\/pages\/15\/revisions"}],"predecessor-version":[{"id":293,"href":"https:\/\/camp.waran.com\/index.php\/wp-json\/wp\/v2\/pages\/15\/revisions\/293"}],"wp:attachment":[{"href":"https:\/\/camp.waran.com\/index.php\/wp-json\/wp\/v2\/media?parent=15"}],"curies":[{"name":"wp","href":"https:\/\/api.w.org\/{rel}","templated":true}]}}