{"id":14,"date":"2022-07-28T13:24:19","date_gmt":"2022-07-28T11:24:19","guid":{"rendered":"http:\/\/camper.waran.com\/?page_id=14"},"modified":"2022-08-01T10:47:06","modified_gmt":"2022-08-01T08:47:06","slug":"strona-glowna","status":"publish","type":"page","link":"https:\/\/camp.waran.com\/","title":{"rendered":"STRONA G\u0141\u00d3WNA"},"content":{"rendered":"\n<div class=\"wp-block-cover alignfull is-light has-parallax has-custom-content-position is-position-bottom-center\" style=\"background-image:url(http:\/\/camper.waran.com\/wp-content\/uploads\/2022\/07\/AdobeStock_273425261-kopia-scaled.jpg);min-height:700px;aspect-ratio:unset;\"><span aria-hidden=\"true\" class=\"wp-block-cover__background has-background-dim-0 has-background-dim\"><\/span><div class=\"wp-block-cover__inner-container is-layout-flow wp-block-cover-is-layout-flow\">\n<div style=\"height:80px\" aria-hidden=\"true\" class=\"wp-block-spacer\"><\/div>\n\n\n\n<h1 class=\"has-text-align-center has-nv-site-bg-color has-text-color wp-block-heading\">Zarezerwuj podr\u00f3\u017c marze\u0144 <br>ju\u017c dzi\u015b!<\/h1>\n\n\n\n<p class=\"has-text-align-center has-text-color\" style=\"color:#121212;font-size:17px\"><\/p>\n\n\n\n<div class=\"wp-block-buttons is-content-justification-center is-layout-flex wp-container-core-buttons-is-layout-16018d1d wp-block-buttons-is-layout-flex\">\n<div class=\"wp-block-button is-style-primary\"><a class=\"wp-block-button__link\" href=\"http:\/\/camper.waran.com\/index.php\/o-nas\/\">DOWIEDZ SI\u0118 WI\u0118CEJ<\/a><\/div>\n\n\n\n<div class=\"wp-block-button is-style-secondary\"><a class=\"wp-block-button__link\" href=\"http:\/\/camper.waran.com\/index.php\/zdjecia\/\">ZOBACZ ZDJ\u0118CIA<\/a><\/div>\n<\/div>\n\n\n\n<div style=\"height:80px\" aria-hidden=\"true\" class=\"wp-block-spacer\"><\/div>\n\n\n\n<div style=\"height:80px\" aria-hidden=\"true\" class=\"wp-block-spacer\"><\/div>\n<\/div><\/div>\n\n\n\n<div style=\"height:80px\" aria-hidden=\"true\" class=\"wp-block-spacer\"><\/div>\n\n\n\n<div class=\"wp-block-columns is-layout-flex wp-container-core-columns-is-layout-9d6595d7 wp-block-columns-is-layout-flex\">\n<div class=\"wp-block-column is-layout-flow wp-block-column-is-layout-flow\"><div class=\"wp-block-image icon-style is-style-default\">\n<figure class=\"aligncenter is-resized\"><img loading=\"lazy\" decoding=\"async\" src=\"http:\/\/camper.waran.com\/wp-content\/themes\/neve\/assets\/img\/starter-content\/icon-03.svg\" alt=\"\" width=\"48\" height=\"48\"\/><\/figure>\n<\/div>\n\n\n<h3 class=\"has-text-align-center has-neve-text-color-color has-text-color wp-block-heading\">podr\u00f3\u017cuj bez ogranicze\u0144<\/h3>\n\n\n\n<p class=\"has-text-align-center\">W naszym kamperze b\u0119dziesz cieszy\u0142 si\u0119 nieograniczon\u0105 wolno\u015bci\u0105 i zwiedzisz dok\u0142adnie tyle, ile zapragniesz.<\/p>\n\n\n\n<div style=\"height:20px\" aria-hidden=\"true\" class=\"wp-block-spacer\"><\/div>\n<\/div>\n\n\n\n<div class=\"wp-block-column is-layout-flow wp-block-column-is-layout-flow\"><div class=\"wp-block-image icon-style is-style-default\">\n<figure class=\"aligncenter is-resized\"><img loading=\"lazy\" decoding=\"async\" src=\"http:\/\/camper.waran.com\/wp-content\/themes\/neve\/assets\/img\/starter-content\/icon-02.svg\" alt=\"\" width=\"48\" height=\"48\"\/><\/figure>\n<\/div>\n\n\n<h3 class=\"has-text-align-center has-neve-text-color-color has-text-color wp-block-heading\">nowy poziom luksusu<\/h3>\n\n\n\n<p class=\"has-text-align-center\">Morelo Palace to najwi\u0119kszy i zarazem najbardziej luksusowy kamper spo\u015br\u00f3d wszystkich dost\u0119pnych modeli.<\/p>\n\n\n\n<div style=\"height:20px\" aria-hidden=\"true\" class=\"wp-block-spacer\"><\/div>\n<\/div>\n\n\n\n<div class=\"wp-block-column is-layout-flow wp-block-column-is-layout-flow\"><div class=\"wp-block-image icon-style is-style-default\">\n<figure class=\"aligncenter size-full\"><img loading=\"lazy\" decoding=\"async\" width=\"56\" height=\"52\" src=\"http:\/\/camper.waran.com\/wp-content\/uploads\/2022\/07\/Beznazwy-1-8.png\" alt=\"\" class=\"wp-image-90\"\/><\/figure>\n<\/div>\n\n\n<h3 class=\"has-text-align-center has-neve-text-color-color has-text-color wp-block-heading\">twoja satysfakcja<\/h3>\n\n\n\n<p class=\"has-text-align-center\">Dla tych, kt\u00f3rzy chc\u0105 czu\u0107 si\u0119 jak w domu wsz\u0119dzie tam, dok\u0105d tylko pojad\u0105.<\/p>\n\n\n\n<div style=\"height:20px\" aria-hidden=\"true\" class=\"wp-block-spacer\"><\/div>\n<\/div>\n<\/div>\n\n\n\n<div style=\"height:80px\" aria-hidden=\"true\" class=\"wp-block-spacer\"><\/div>\n\n\n\n<div class=\"wp-block-cover alignfull\" style=\"min-height:600px;aspect-ratio:unset;\"><span aria-hidden=\"true\" class=\"wp-block-cover__background has-nv-light-bg-background-color has-background-dim-100 has-background-dim\"><\/span><div class=\"wp-block-cover__inner-container is-layout-flow wp-block-cover-is-layout-flow\">\n<div class=\"wp-block-group\"><div class=\"wp-block-group__inner-container is-layout-flow wp-block-group-is-layout-flow\">\n<div style=\"height:80px\" aria-hidden=\"true\" class=\"wp-block-spacer\"><\/div>\n\n\n\n<div class=\"wp-block-columns are-vertically-aligned-center is-layout-flex wp-container-core-columns-is-layout-9d6595d7 wp-block-columns-is-layout-flex\">\n<div class=\"wp-block-column is-vertically-aligned-center is-layout-flow wp-block-column-is-layout-flow\" style=\"flex-basis:50%\">\n<figure class=\"wp-block-image size-large\"><img loading=\"lazy\" decoding=\"async\" width=\"1024\" height=\"768\" src=\"http:\/\/camper.waran.com\/wp-content\/uploads\/2022\/07\/P6307204-kopia-1024x768.jpg\" alt=\"\" class=\"wp-image-66\" srcset=\"https:\/\/camp.waran.com\/wp-content\/uploads\/2022\/07\/P6307204-kopia-1024x768.jpg 1024w, https:\/\/camp.waran.com\/wp-content\/uploads\/2022\/07\/P6307204-kopia-300x225.jpg 300w, https:\/\/camp.waran.com\/wp-content\/uploads\/2022\/07\/P6307204-kopia-768x576.jpg 768w, https:\/\/camp.waran.com\/wp-content\/uploads\/2022\/07\/P6307204-kopia-1536x1152.jpg 1536w, https:\/\/camp.waran.com\/wp-content\/uploads\/2022\/07\/P6307204-kopia-2048x1536.jpg 2048w\" sizes=\"auto, (max-width: 1024px) 100vw, 1024px\" \/><\/figure>\n<\/div>\n\n\n\n<div class=\"wp-block-column is-vertically-aligned-center is-layout-flow wp-block-column-is-layout-flow\" style=\"flex-basis:50%\">\n<div style=\"height:20px\" aria-hidden=\"true\" class=\"wp-block-spacer\"><\/div>\n\n\n\n<h2 class=\"has-text-align-left has-neve-text-color-color has-text-color wp-block-heading\">Wypo\u017cycz i rozpocznij przygod\u0119 \u017cycia!<\/h2>\n\n\n\n<p class=\"has-text-align-left has-neve-text-color-color has-text-color\" style=\"font-size:17px\"><strong>Ekscytuj\u0105ce, komfortowe i niezapomniane wakacje <\/strong><br><strong>w zasi\u0119gu<\/strong> <strong>Twojej r\u0119ki.<\/strong><\/p>\n\n\n\n<p><\/p>\n\n\n\n<div class=\"wp-block-buttons is-content-justification-left is-layout-flex wp-container-core-buttons-is-layout-fdcfc74e wp-block-buttons-is-layout-flex\">\n<div class=\"wp-block-button is-style-primary\"><a class=\"wp-block-button__link\" href=\"http:\/\/camper.waran.com\/index.php\/rezerwacja\/\">ZAREZERWUJ<\/a><\/div>\n<\/div>\n<\/div>\n<\/div>\n\n\n\n<div style=\"height:40px\" aria-hidden=\"true\" class=\"wp-block-spacer\"><\/div>\n<\/div><\/div>\n<\/div><\/div>\n\n\n\n<div class=\"wp-block-cover alignfull\" style=\"min-height:600px;aspect-ratio:unset;\"><span aria-hidden=\"true\" class=\"wp-block-cover__background has-nv-site-bg-background-color has-background-dim-100 has-background-dim\"><\/span><div class=\"wp-block-cover__inner-container is-layout-flow wp-block-cover-is-layout-flow\">\n<div class=\"wp-block-group\"><div class=\"wp-block-group__inner-container is-layout-flow wp-block-group-is-layout-flow\">\n<div style=\"height:80px\" aria-hidden=\"true\" class=\"wp-block-spacer\"><\/div>\n\n\n\n<div class=\"wp-block-columns are-vertically-aligned-center is-layout-flex wp-container-core-columns-is-layout-9d6595d7 wp-block-columns-is-layout-flex\">\n<div class=\"wp-block-column is-vertically-aligned-center is-layout-flow wp-block-column-is-layout-flow\" style=\"flex-basis:50%\">\n<h2 class=\"has-text-align-left has-neve-text-color-color has-text-color wp-block-heading\">Idealny spos\u00f3b na wygodne i niezale\u017cne podr\u00f3\u017ce!<\/h2>\n\n\n\n<p class=\"has-text-align-left has-neve-text-color-color has-text-color\" style=\"font-size:17px\">W Morelo Palace zyskujesz bardzo du\u017c\u0105 przestrze\u0144 \u017cyciow\u0105, dzi\u0119ki kt\u00f3rej praca, spo\u017cywanie posi\u0142k\u00f3w czy granie w plansz\u00f3wki s\u0105 jeszcze przyjemniejsze! Wsp\u00f3lnemu sp\u0119dzaniu czasu sprzyjaj\u0105 wygodne siedziska, doskona\u0142e o\u015bwietlenie oraz stonowana kolorystyka.<\/p>\n\n\n\n<div class=\"wp-block-buttons is-content-justification-left is-layout-flex wp-container-core-buttons-is-layout-fdcfc74e wp-block-buttons-is-layout-flex\"><\/div>\n\n\n\n<div style=\"height:40px\" aria-hidden=\"true\" class=\"wp-block-spacer\"><\/div>\n<\/div>\n\n\n\n<div class=\"wp-block-column is-vertically-aligned-center is-layout-flow wp-block-column-is-layout-flow\" style=\"flex-basis:50%\">\n<figure class=\"wp-block-image size-large\"><img loading=\"lazy\" decoding=\"async\" width=\"1024\" height=\"756\" src=\"http:\/\/camper.waran.com\/wp-content\/uploads\/2022\/07\/P6307215-kopia-1024x756.jpg\" alt=\"\" class=\"wp-image-94\" srcset=\"https:\/\/camp.waran.com\/wp-content\/uploads\/2022\/07\/P6307215-kopia-1024x756.jpg 1024w, https:\/\/camp.waran.com\/wp-content\/uploads\/2022\/07\/P6307215-kopia-300x221.jpg 300w, https:\/\/camp.waran.com\/wp-content\/uploads\/2022\/07\/P6307215-kopia-768x567.jpg 768w, https:\/\/camp.waran.com\/wp-content\/uploads\/2022\/07\/P6307215-kopia-1536x1134.jpg 1536w, https:\/\/camp.waran.com\/wp-content\/uploads\/2022\/07\/P6307215-kopia-2048x1512.jpg 2048w\" sizes=\"auto, (max-width: 1024px) 100vw, 1024px\" \/><figcaption>OLYMPUS DIGITAL CAMERA<\/figcaption><\/figure>\n<\/div>\n<\/div>\n\n\n\n<div style=\"height:40px\" aria-hidden=\"true\" class=\"wp-block-spacer\"><\/div>\n<\/div><\/div>\n<\/div><\/div>\n\n\n\n<div class=\"wp-block-cover alignfull\" style=\"min-height:600px;aspect-ratio:unset;\"><span aria-hidden=\"true\" class=\"wp-block-cover__background has-nv-dark-bg-background-color has-background-dim-100 has-background-dim\"><\/span><div class=\"wp-block-cover__inner-container is-layout-flow wp-block-cover-is-layout-flow\">\n<div class=\"wp-block-group\"><div class=\"wp-block-group__inner-container is-layout-flow wp-block-group-is-layout-flow\">\n<div style=\"height:80px\" aria-hidden=\"true\" class=\"wp-block-spacer\"><\/div>\n\n\n\n<div class=\"wp-block-columns are-vertically-aligned-center is-layout-flex wp-container-core-columns-is-layout-9d6595d7 wp-block-columns-is-layout-flex\">\n<div class=\"wp-block-column is-vertically-aligned-center is-layout-flow wp-block-column-is-layout-flow\" style=\"flex-basis:50%\">\n<figure class=\"wp-block-image size-large\"><img loading=\"lazy\" decoding=\"async\" width=\"1024\" height=\"841\" src=\"http:\/\/camper.waran.com\/wp-content\/uploads\/2022\/07\/P6307245-1-1024x841.jpg\" alt=\"\" class=\"wp-image-100\" srcset=\"https:\/\/camp.waran.com\/wp-content\/uploads\/2022\/07\/P6307245-1-1024x841.jpg 1024w, https:\/\/camp.waran.com\/wp-content\/uploads\/2022\/07\/P6307245-1-300x247.jpg 300w, https:\/\/camp.waran.com\/wp-content\/uploads\/2022\/07\/P6307245-1-768x631.jpg 768w, https:\/\/camp.waran.com\/wp-content\/uploads\/2022\/07\/P6307245-1-1536x1262.jpg 1536w, https:\/\/camp.waran.com\/wp-content\/uploads\/2022\/07\/P6307245-1-2048x1683.jpg 2048w\" sizes=\"auto, (max-width: 1024px) 100vw, 1024px\" \/><\/figure>\n<\/div>\n\n\n\n<div class=\"wp-block-column is-vertically-aligned-center is-layout-flow wp-block-column-is-layout-flow\" style=\"flex-basis:50%\">\n<div style=\"height:40px\" aria-hidden=\"true\" class=\"wp-block-spacer\"><\/div>\n\n\n\n<h2 class=\"has-text-align-left has-nv-text-dark-bg-color has-text-color wp-block-heading\">Rozpocznij swoj\u0105 podr\u00f3\u017c \u017cycia!<\/h2>\n\n\n\n<p class=\"has-text-align-left has-nv-text-dark-bg-color has-text-color\" style=\"font-size:17px\">W naszym kamperze znajdziesz sprz\u0119ty i udogodnienia, kt\u00f3re pozwol\u0105 Ci cieszy\u0107 si\u0119 komfortem jak w najlepszym hotelowym apartamencie.<\/p>\n\n\n\n<div class=\"wp-block-buttons is-content-justification-left is-layout-flex wp-container-core-buttons-is-layout-fdcfc74e wp-block-buttons-is-layout-flex\">\n<div class=\"wp-block-button is-style-primary\"><a class=\"wp-block-button__link\" href=\"http:\/\/camper.waran.com\/index.php\/rezerwacja\/\">ZAREZERWUJ<\/a><\/div>\n<\/div>\n<\/div>\n<\/div>\n\n\n\n<div style=\"height:40px\" aria-hidden=\"true\" class=\"wp-block-spacer\"><\/div>\n<\/div><\/div>\n<\/div><\/div>\n\n\n\n<div class=\"wp-block-cover alignfull\" style=\"min-height:420px;aspect-ratio:unset;\"><span aria-hidden=\"true\" class=\"wp-block-cover__background has-nv-light-bg-background-color has-background-dim-100 has-background-dim\"><\/span><div class=\"wp-block-cover__inner-container is-layout-flow wp-block-cover-is-layout-flow\">\n<div style=\"height:80px\" aria-hidden=\"true\" class=\"wp-block-spacer\"><\/div>\n\n\n\n<div class=\"wp-block-columns is-layout-flex wp-container-core-columns-is-layout-9d6595d7 wp-block-columns-is-layout-flex\">\n<div class=\"wp-block-column is-layout-flow wp-block-column-is-layout-flow\">\n<figure class=\"wp-block-image is-resized is-style-rounded\"><img loading=\"lazy\" decoding=\"async\" src=\"http:\/\/camper.waran.com\/wp-content\/themes\/neve\/assets\/img\/starter-content\/team-03.jpg\" alt=\"\" width=\"80\" height=\"80\"\/><\/figure>\n\n\n\n<p class=\"has-text-align-left has-neve-text-color-color has-text-color has-normal-font-size\">\u201cSuper! Na pewno jeszcze nie raz skorzystamy. Wyjazd okaza\u0142 si\u0119 w pe\u0142ni udany. Kamper bardzo luksusowy.\u201d<\/p>\n\n\n\n<p class=\"has-neve-text-color-color has-text-color\">PAULINA<\/p>\n\n\n\n<div style=\"height:20px\" aria-hidden=\"true\" class=\"wp-block-spacer\"><\/div>\n<\/div>\n\n\n\n<div class=\"wp-block-column is-layout-flow wp-block-column-is-layout-flow\">\n<figure class=\"wp-block-image is-resized is-style-rounded\"><img loading=\"lazy\" decoding=\"async\" src=\"http:\/\/camper.waran.com\/wp-content\/themes\/neve\/assets\/img\/starter-content\/team-01.jpg\" alt=\"\" width=\"80\" height=\"80\"\/><\/figure>\n\n\n\n<p class=\"has-text-align-left has-neve-text-color-color has-text-color has-normal-font-size\">\u201cFirma wywi\u0105za\u0142a si\u0119 w 100% z umowy, bo wynajem kampera by\u0142 bezproblemowy. Wysokie standardy jako\u015bciowe.\u201d<\/p>\n\n\n\n<p class=\"has-neve-text-color-color has-text-color\">MICHA\u0141<\/p>\n\n\n\n<div style=\"height:20px\" aria-hidden=\"true\" class=\"wp-block-spacer\"><\/div>\n<\/div>\n\n\n\n<div class=\"wp-block-column is-layout-flow wp-block-column-is-layout-flow\">\n<figure class=\"wp-block-image is-resized is-style-rounded\"><img loading=\"lazy\" decoding=\"async\" src=\"http:\/\/camper.waran.com\/wp-content\/themes\/neve\/assets\/img\/starter-content\/team-02.jpg\" alt=\"\" width=\"80\" height=\"80\"\/><\/figure>\n\n\n\n<p class=\"has-text-align-left has-neve-text-color-color has-text-color has-normal-font-size\">\u201cNajlepsza podr\u00f3\u017c i najlepsze wakacje mojego \u017cycia! POLECAM!\u201d<\/p>\n\n\n\n<p class=\"has-neve-text-color-color has-text-color\">SZYMON<\/p>\n\n\n\n<div style=\"height:20px\" aria-hidden=\"true\" class=\"wp-block-spacer\"><\/div>\n<\/div>\n<\/div>\n\n\n\n<div style=\"height:30px\" aria-hidden=\"true\" class=\"wp-block-spacer\"><\/div>\n<\/div><\/div>\n\n\n\n<div class=\"wp-block-cover alignfull\" style=\"min-height:300px;aspect-ratio:unset;\"><span aria-hidden=\"true\" class=\"wp-block-cover__background has-nv-dark-bg-background-color has-background-dim-100 has-background-dim\"><\/span><div class=\"wp-block-cover__inner-container is-layout-flow wp-block-cover-is-layout-flow\">\n<div style=\"height:140px\" aria-hidden=\"true\" class=\"wp-block-spacer\"><\/div>\n\n\n\n<h2 class=\"has-text-align-center has-nv-text-dark-bg-color has-text-color wp-block-heading\">Wypo\u017cycz kampera ju\u017c dzi\u015b!<\/h2>\n\n\n\n<p class=\"has-text-align-center has-medium-font-size\">Poni\u017cej znajdziesz dokumenty do pobrania. <br>Wype\u0142nij je, ode\u015blij do nas mailem i &#8230;<br>ciesz si\u0119 kamperem ju\u017c dzi\u015b!<\/p>\n\n\n\n<p><\/p>\n\n\n\n<div class=\"wp-block-buttons is-content-justification-center is-layout-flex wp-container-core-buttons-is-layout-16018d1d wp-block-buttons-is-layout-flex\">\n<div class=\"wp-block-button is-style-primary\"><a class=\"wp-block-button__link\" href=\"http:\/\/camper.waran.com\/index.php\/rezerwacja\/\">REZERWUJ<\/a><\/div>\n<\/div>\n\n\n\n<div style=\"height:140px\" aria-hidden=\"true\" class=\"wp-block-spacer\"><\/div>\n<\/div><\/div>\n","protected":false},"excerpt":{"rendered":"<p>podr\u00f3\u017cuj bez ogranicze\u0144 W naszym kamperze b\u0119dziesz cieszy\u0142 si\u0119 nieograniczon\u0105 wolno\u015bci\u0105 i zwiedzisz dok\u0142adnie tyle, ile zapragniesz. nowy poziom luksusu Morelo Palace to najwi\u0119kszy i zarazem najbardziej luksusowy kamper spo\u015br\u00f3d wszystkich dost\u0119pnych modeli. twoja satysfakcja Dla tych, kt\u00f3rzy chc\u0105 czu\u0107 si\u0119 jak w domu wsz\u0119dzie tam, dok\u0105d tylko pojad\u0105.<\/p>\n","protected":false},"author":1,"featured_media":0,"parent":0,"menu_order":0,"comment_status":"closed","ping_status":"closed","template":"","meta":{"neve_meta_sidebar":"","neve_meta_container":"","neve_meta_enable_content_width":"on","neve_meta_content_width":100,"neve_meta_title_alignment":"","neve_meta_author_avatar":"","neve_post_elements_order":"","neve_meta_disable_header":"","neve_meta_disable_footer":"","neve_meta_disable_title":"on","footnotes":""},"class_list":["post-14","page","type-page","status-publish","hentry"],"_links":{"self":[{"href":"https:\/\/camp.waran.com\/index.php\/wp-json\/wp\/v2\/pages\/14","targetHints":{"allow":["GET"]}}],"collection":[{"href":"https:\/\/camp.waran.com\/index.php\/wp-json\/wp\/v2\/pages"}],"about":[{"href":"https:\/\/camp.waran.com\/index.php\/wp-json\/wp\/v2\/types\/page"}],"author":[{"embeddable":true,"href":"https:\/\/camp.waran.com\/index.php\/wp-json\/wp\/v2\/users\/1"}],"replies":[{"embeddable":true,"href":"https:\/\/camp.waran.com\/index.php\/wp-json\/wp\/v2\/comments?post=14"}],"version-history":[{"count":38,"href":"https:\/\/camp.waran.com\/index.php\/wp-json\/wp\/v2\/pages\/14\/revisions"}],"predecessor-version":[{"id":294,"href":"https:\/\/camp.waran.com\/index.php\/wp-json\/wp\/v2\/pages\/14\/revisions\/294"}],"wp:attachment":[{"href":"https:\/\/camp.waran.com\/index.php\/wp-json\/wp\/v2\/media?parent=14"}],"curies":[{"name":"wp","href":"https:\/\/api.w.org\/{rel}","templated":true}]}}