{"id":18,"date":"2022-07-28T13:24:19","date_gmt":"2022-07-28T11:24:19","guid":{"rendered":"http:\/\/camper.waran.com\/?page_id=18"},"modified":"2023-02-14T11:04:27","modified_gmt":"2023-02-14T10:04:27","slug":"rezerwacja","status":"publish","type":"page","link":"https:\/\/camp.waran.com\/index.php\/rezerwacja\/","title":{"rendered":"REZERWACJA"},"content":{"rendered":"\n<div class=\"wp-block-cover alignfull\" style=\"min-height:320px;aspect-ratio:unset;\"><span aria-hidden=\"true\" class=\"wp-block-cover__background has-nv-site-bg-background-color has-background-dim-100 has-background-dim\"><\/span><div class=\"wp-block-cover__inner-container is-layout-flow wp-block-cover-is-layout-flow\">\n<div class=\"wp-block-group\"><div class=\"wp-block-group__inner-container is-layout-flow wp-block-group-is-layout-flow\">\n<div class=\"wp-block-columns are-vertically-aligned-center is-layout-flex wp-container-core-columns-is-layout-9d6595d7 wp-block-columns-is-layout-flex\">\n<div class=\"wp-block-column is-vertically-aligned-center is-layout-flow wp-block-column-is-layout-flow\" style=\"flex-basis:70%\">\n<h1 class=\"has-text-align-left has-neve-text-color-color has-text-color wp-block-heading\">Zarezerwuj ju\u017c dzi\u015b.<\/h1>\n\n\n\n<p class=\"has-neve-text-color-color has-text-color\" style=\"font-size:22px\"><\/p>\n<\/div>\n\n\n\n<div class=\"wp-block-column is-vertically-aligned-center is-layout-flow wp-block-column-is-layout-flow\" style=\"flex-basis:30%\"><\/div>\n<\/div>\n<\/div><\/div>\n<\/div><\/div>\n\n\n\n<div class=\"wp-block-cover alignfull\" style=\"min-height:600px;aspect-ratio:unset;\"><span aria-hidden=\"true\" class=\"wp-block-cover__background has-nv-light-bg-background-color has-background-dim-100 has-background-dim\"><\/span><div class=\"wp-block-cover__inner-container is-layout-flow wp-block-cover-is-layout-flow\">\n<div class=\"wp-block-group\"><div class=\"wp-block-group__inner-container is-layout-flow wp-block-group-is-layout-flow\">\n<div class=\"wp-block-columns is-layout-flex wp-container-core-columns-is-layout-9d6595d7 wp-block-columns-is-layout-flex\">\n<div class=\"wp-block-column is-layout-flow wp-block-column-is-layout-flow\" style=\"flex-basis:34%\">\n<p class=\"has-neve-text-color-color has-text-color\">Podr\u00f3\u017c kamperem to gwarancja bezkresnych dr\u00f3g, pe\u0142nej swobody, a tak\u017ce ca\u0142kowitej niezale\u017cno\u015bci w wyborze ciekawych i ekscytuj\u0105cych atrakcji turystycznych. Je\u015bli potrzebujesz pomocy &#8211;  jeste\u015bmy do Twojej dyspozycji! <br><strong>Aby zarezerwowa\u0107 kampera &#8211; pobierz za\u0142\u0105czniki i ode\u015blij je na adres<mark style=\"background-color:rgba(0, 0, 0, 0);color:#164b29\" class=\"has-inline-color\"> camp@waran.com<\/mark><mark style=\"background-color:rgba(0, 0, 0, 0)\" class=\"has-inline-color has-nv-light-bg-color\"> <\/mark><\/strong>lub odezwij si\u0119 do nas telefonicznie\/mailowo.<\/p>\n\n\n\n<div class=\"wp-block-buttons is-layout-flex wp-block-buttons-is-layout-flex\">\n<div class=\"wp-block-button is-style-primary\"><a class=\"wp-block-button__link wp-element-button\" href=\"http:\/\/camper.waran.com\/index.php\/kontakt\/\">KONTAKT<\/a><\/div>\n<\/div>\n\n\n\n<p class=\"has-neve-text-color-color has-text-color\"><\/p>\n<\/div>\n\n\n\n<div class=\"wp-block-column is-layout-flow wp-block-column-is-layout-flow\" style=\"flex-basis:66.79%\">\n<div class=\"wp-block-file\"><a id=\"wp-block-file--media-543429fb-7913-481c-8907-2df851f85beb\" href=\"http:\/\/camper.waran.com\/wp-content\/uploads\/2023\/02\/Umowa-najmu-MORELO-PALACE-93-LSB.pdf\"><strong>Umowa najmu MORELO PALACE 93 LSB<\/strong><\/a><a href=\"http:\/\/camper.waran.com\/wp-content\/uploads\/2023\/02\/Umowa-najmu-MORELO-PALACE-93-LSB.pdf\" class=\"wp-block-file__button wp-element-button\" download aria-describedby=\"wp-block-file--media-543429fb-7913-481c-8907-2df851f85beb\">Pobierz<\/a><\/div>\n\n\n\n<div class=\"wp-block-file\"><a id=\"wp-block-file--media-968fbeb0-6ce6-4787-9c7c-80829867f8ff\" href=\"http:\/\/camper.waran.com\/wp-content\/uploads\/2023\/02\/Zalaczniki-oraz-OWU-do-umowy-najmu-MORELO-PALACE-93-LSB.pdf\"><strong>Za\u0142a\u0328czniki oraz OWU do umowy najmu MORELO PALACE 93 LSB<\/strong><\/a><a href=\"http:\/\/camper.waran.com\/wp-content\/uploads\/2023\/02\/Zalaczniki-oraz-OWU-do-umowy-najmu-MORELO-PALACE-93-LSB.pdf\" class=\"wp-block-file__button wp-element-button\" download aria-describedby=\"wp-block-file--media-968fbeb0-6ce6-4787-9c7c-80829867f8ff\">Pobierz<\/a><\/div>\n\n\n\n<div class=\"wp-block-file\"><a id=\"wp-block-file--media-a4863b9e-7dbd-4700-bb13-923e6e8dc521\" href=\"http:\/\/camper.waran.com\/wp-content\/uploads\/2023\/02\/Protokol-zdawczo-odbiorczy-MORELO-PALACE-93-LSB.pdf\"><strong>Protoko\u0301\u0142 zdawczo-odbiorczy MORELO PALACE 93 LSB<\/strong><\/a><a href=\"http:\/\/camper.waran.com\/wp-content\/uploads\/2023\/02\/Protokol-zdawczo-odbiorczy-MORELO-PALACE-93-LSB.pdf\" class=\"wp-block-file__button wp-element-button\" download aria-describedby=\"wp-block-file--media-a4863b9e-7dbd-4700-bb13-923e6e8dc521\">Pobierz<\/a><\/div>\n<\/div>\n<\/div>\n\n\n\n<div style=\"height:40px\" aria-hidden=\"true\" class=\"wp-block-spacer\"><\/div>\n<\/div><\/div>\n<\/div><\/div>\n","protected":false},"excerpt":{"rendered":"","protected":false},"author":1,"featured_media":0,"parent":0,"menu_order":0,"comment_status":"closed","ping_status":"closed","template":"","meta":{"neve_meta_sidebar":"","neve_meta_container":"","neve_meta_enable_content_width":"on","neve_meta_content_width":100,"neve_meta_title_alignment":"","neve_meta_author_avatar":"","neve_post_elements_order":"","neve_meta_disable_header":"","neve_meta_disable_footer":"","neve_meta_disable_title":"on","footnotes":""},"class_list":["post-18","page","type-page","status-publish","hentry"],"_links":{"self":[{"href":"https:\/\/camp.waran.com\/index.php\/wp-json\/wp\/v2\/pages\/18","targetHints":{"allow":["GET"]}}],"collection":[{"href":"https:\/\/camp.waran.com\/index.php\/wp-json\/wp\/v2\/pages"}],"about":[{"href":"https:\/\/camp.waran.com\/index.php\/wp-json\/wp\/v2\/types\/page"}],"author":[{"embeddable":true,"href":"https:\/\/camp.waran.com\/index.php\/wp-json\/wp\/v2\/users\/1"}],"replies":[{"embeddable":true,"href":"https:\/\/camp.waran.com\/index.php\/wp-json\/wp\/v2\/comments?post=18"}],"version-history":[{"count":26,"href":"https:\/\/camp.waran.com\/index.php\/wp-json\/wp\/v2\/pages\/18\/revisions"}],"predecessor-version":[{"id":316,"href":"https:\/\/camp.waran.com\/index.php\/wp-json\/wp\/v2\/pages\/18\/revisions\/316"}],"wp:attachment":[{"href":"https:\/\/camp.waran.com\/index.php\/wp-json\/wp\/v2\/media?parent=18"}],"curies":[{"name":"wp","href":"https:\/\/api.w.org\/{rel}","templated":true}]}}